{"id":1399,"date":"2025-10-21T10:08:33","date_gmt":"2025-10-21T10:08:33","guid":{"rendered":"https:\/\/ortomove.mx\/?page_id=1399"},"modified":"2025-10-21T10:08:33","modified_gmt":"2025-10-21T10:08:33","slug":"manga-para-protesis-de-neopreno","status":"publish","type":"page","link":"https:\/\/ortomove.mx\/index.php\/manga-para-protesis-de-neopreno\/","title":{"rendered":"Manga para pr\u00f3tesis de neopreno"},"content":{"rendered":"<style>.kb-row-layout-id1399_b3efeb-c5 > .kt-row-column-wrap{align-content:start;}:where(.kb-row-layout-id1399_b3efeb-c5 > .kt-row-column-wrap) > .wp-block-kadence-column{justify-content:start;}.kb-row-layout-id1399_b3efeb-c5 > .kt-row-column-wrap{column-gap:var(--global-kb-gap-md, 2rem);row-gap:var(--global-kb-gap-md, 2rem);max-width:var( --global-content-width, 1290px );padding-left:var(--global-content-edge-padding);padding-right:var(--global-content-edge-padding);padding-top:143px;padding-bottom:24px;grid-template-columns:minmax(0, 1fr);}.kb-row-layout-id1399_b3efeb-c5 > .kt-row-layout-overlay{opacity:0.07;background-image:url('https:\/\/ortomove.mx\/wp-content\/uploads\/2024\/11\/confort-y-la-movilidad.jpg');background-size:cover;background-position:73% 37%;background-attachment:scroll;background-repeat:no-repeat;mix-blend-mode:normal;}@media all and (max-width: 1024px){.kb-row-layout-id1399_b3efeb-c5 > .kt-row-column-wrap{padding-top:80px;padding-bottom:80px;grid-template-columns:minmax(0, 1fr);}}@media all and (max-width: 767px){.kb-row-layout-id1399_b3efeb-c5 > .kt-row-column-wrap{padding-top:100px;padding-right:30px;padding-bottom:100px;padding-left:30px;grid-template-columns:minmax(0, 1fr);}}<\/style><div class=\"kb-row-layout-wrap kb-row-layout-id1399_b3efeb-c5 alignnone has-theme-palette8-background-color kt-row-has-bg wp-block-kadence-rowlayout\"><div class=\"kt-row-layout-overlay kt-row-overlay-normal\"><\/div><div class=\"kt-row-column-wrap kt-has-1-columns kt-row-layout-equal kt-tab-layout-inherit kt-mobile-layout-row kt-row-valign-top kb-theme-content-width\">\n<style>.kadence-column1399_6c9ab7-e1 > .kt-inside-inner-col,.kadence-column1399_6c9ab7-e1 > .kt-inside-inner-col:before{border-top-left-radius:0px;border-top-right-radius:0px;border-bottom-right-radius:0px;border-bottom-left-radius:0px;}.kadence-column1399_6c9ab7-e1 > .kt-inside-inner-col{column-gap:var(--global-kb-gap-sm, 1rem);}.kadence-column1399_6c9ab7-e1 > .kt-inside-inner-col{flex-direction:column;}.kadence-column1399_6c9ab7-e1 > .kt-inside-inner-col > .aligncenter{width:100%;}.kadence-column1399_6c9ab7-e1 > .kt-inside-inner-col:before{opacity:0.3;}.kadence-column1399_6c9ab7-e1{position:relative;}@media all and (max-width: 1024px){.kadence-column1399_6c9ab7-e1 > .kt-inside-inner-col{padding-top:0px;padding-right:0px;padding-bottom:0px;padding-left:0px;flex-direction:column;justify-content:center;}}@media all and (max-width: 767px){.kadence-column1399_6c9ab7-e1 > .kt-inside-inner-col{flex-direction:column;justify-content:center;}}<\/style>\n<div class=\"wp-block-kadence-column kadence-column1399_6c9ab7-e1 inner-column-1\"><div class=\"kt-inside-inner-col\"><style>.kb-row-layout-id1399_1fd8d1-cf > .kt-row-column-wrap{align-content:start;}:where(.kb-row-layout-id1399_1fd8d1-cf > .kt-row-column-wrap) > .wp-block-kadence-column{justify-content:start;}.kb-row-layout-id1399_1fd8d1-cf > .kt-row-column-wrap{column-gap:var(--global-kb-gap-md, 2rem);row-gap:var(--global-kb-gap-md, 2rem);max-width:900px;margin-left:auto;margin-right:auto;padding-top:0px;padding-bottom:0px;grid-template-columns:minmax(0, 1fr);}.kb-row-layout-id1399_1fd8d1-cf > .kt-row-layout-overlay{opacity:0.30;}@media all and (max-width: 1024px){.kb-row-layout-id1399_1fd8d1-cf > .kt-row-column-wrap{padding-top:0px;padding-right:0px;padding-bottom:0px;padding-left:0px;grid-template-columns:minmax(0, 1fr);}}@media all and (max-width: 767px){.kb-row-layout-id1399_1fd8d1-cf > .kt-row-column-wrap{grid-template-columns:minmax(0, 1fr);}}<\/style><div class=\"kb-row-layout-wrap kb-row-layout-id1399_1fd8d1-cf alignnone wp-block-kadence-rowlayout\"><div class=\"kt-row-column-wrap kt-has-1-columns kt-row-layout-equal kt-tab-layout-inherit kt-mobile-layout-row kt-row-valign-top\">\n<style>.kadence-column1399_9e910f-77 > .kt-inside-inner-col{padding-right:20px;padding-left:20px;}.kadence-column1399_9e910f-77 > .kt-inside-inner-col,.kadence-column1399_9e910f-77 > .kt-inside-inner-col:before{border-top-left-radius:0px;border-top-right-radius:0px;border-bottom-right-radius:0px;border-bottom-left-radius:0px;}.kadence-column1399_9e910f-77 > .kt-inside-inner-col{column-gap:var(--global-kb-gap-sm, 1rem);}.kadence-column1399_9e910f-77 > .kt-inside-inner-col{flex-direction:column;}.kadence-column1399_9e910f-77 > .kt-inside-inner-col > .aligncenter{width:100%;}.kadence-column1399_9e910f-77 > .kt-inside-inner-col:before{opacity:0.3;}.kadence-column1399_9e910f-77{position:relative;}@media all and (max-width: 1024px){.kadence-column1399_9e910f-77 > .kt-inside-inner-col{flex-direction:column;justify-content:center;}}@media all and (max-width: 767px){.kadence-column1399_9e910f-77 > .kt-inside-inner-col{padding-right:0px;padding-left:0px;flex-direction:column;justify-content:center;}}<\/style>\n<div class=\"wp-block-kadence-column kadence-column1399_9e910f-77 inner-column-1\"><div class=\"kt-inside-inner-col\"><style>.wp-block-kadence-advancedheading.kt-adv-heading1399_ff1590-02, .wp-block-kadence-advancedheading.kt-adv-heading1399_ff1590-02[data-kb-block=\"kb-adv-heading1399_ff1590-02\"]{max-width:900px;margin-right:auto;margin-left:auto;padding-top:0px;padding-right:0px;padding-bottom:20px;padding-left:0px;margin-top:0px;margin-right:0px;margin-bottom:0px;margin-left:0px;text-align:center;font-style:normal;text-transform:capitalize;}.wp-block-kadence-advancedheading.kt-adv-heading1399_ff1590-02 mark.kt-highlight, .wp-block-kadence-advancedheading.kt-adv-heading1399_ff1590-02[data-kb-block=\"kb-adv-heading1399_ff1590-02\"] mark.kt-highlight{font-style:normal;color:#f76a0c;-webkit-box-decoration-break:clone;box-decoration-break:clone;padding-top:0px;padding-right:0px;padding-bottom:0px;padding-left:0px;}<\/style>\n<h1 class=\"kt-adv-heading1399_ff1590-02 wp-block-kadence-advancedheading has-theme-palette-3-color has-text-color\" data-kb-block=\"kb-adv-heading1399_ff1590-02\">Manga para pr\u00f3tesis de neopreno<\/h1>\n\n\n<style>.wp-block-kadence-advancedheading.kt-adv-heading1399_27d835-5a, .wp-block-kadence-advancedheading.kt-adv-heading1399_27d835-5a[data-kb-block=\"kb-adv-heading1399_27d835-5a\"]{padding-right:0px;padding-left:0px;text-align:center;font-style:normal;}.wp-block-kadence-advancedheading.kt-adv-heading1399_27d835-5a mark.kt-highlight, .wp-block-kadence-advancedheading.kt-adv-heading1399_27d835-5a[data-kb-block=\"kb-adv-heading1399_27d835-5a\"] mark.kt-highlight{font-style:normal;color:#f76a0c;-webkit-box-decoration-break:clone;box-decoration-break:clone;padding-top:0px;padding-right:0px;padding-bottom:0px;padding-left:0px;}@media all and (max-width: 767px){.wp-block-kadence-advancedheading.kt-adv-heading1399_27d835-5a, .wp-block-kadence-advancedheading.kt-adv-heading1399_27d835-5a[data-kb-block=\"kb-adv-heading1399_27d835-5a\"]{padding-right:0px;padding-left:0px;}}<\/style>\n<p class=\"kt-adv-heading1399_27d835-5a wp-block-kadence-advancedheading has-theme-palette-3-color has-text-color\" data-kb-block=\"kb-adv-heading1399_27d835-5a\">Mod. NS-768<\/p>\n<\/div><\/div>\n\n<\/div><\/div><\/div><\/div>\n\n<\/div><\/div>\n\n<style>.kb-row-layout-id1399_69fabc-6b > .kt-row-column-wrap{align-content:start;}:where(.kb-row-layout-id1399_69fabc-6b > .kt-row-column-wrap) > .wp-block-kadence-column{justify-content:start;}.kb-row-layout-id1399_69fabc-6b > .kt-row-column-wrap{column-gap:var(--global-kb-gap-md, 2rem);row-gap:var(--global-kb-gap-md, 2rem);max-width:var( --global-content-width, 1290px );padding-left:var(--global-content-edge-padding);padding-right:var(--global-content-edge-padding);padding-top:0px;padding-right:20px;padding-bottom:80px;padding-left:20px;grid-template-columns:minmax(0, 1fr);}.kb-row-layout-id1399_69fabc-6b > .kt-row-layout-overlay{opacity:0.30;}@media all and (max-width: 1024px){.kb-row-layout-id1399_69fabc-6b > .kt-row-column-wrap{padding-top:60px;padding-right:150px;padding-bottom:60px;padding-left:150px;grid-template-columns:minmax(0, 1fr);}}@media all and (max-width: 767px){.kb-row-layout-id1399_69fabc-6b > .kt-row-column-wrap{padding-top:40px;padding-right:0px;padding-bottom:40px;padding-left:0px;grid-template-columns:minmax(0, 1fr);}}<\/style><div class=\"kb-row-layout-wrap kb-row-layout-id1399_69fabc-6b alignnone wp-block-kadence-rowlayout\"><div class=\"kt-row-column-wrap kt-has-1-columns kt-row-layout-equal kt-tab-layout-inherit kt-mobile-layout-row kt-row-valign-top kb-theme-content-width\">\n<style>.kadence-column1399_a9738b-29 > .kt-inside-inner-col,.kadence-column1399_a9738b-29 > .kt-inside-inner-col:before{border-top-left-radius:0px;border-top-right-radius:0px;border-bottom-right-radius:0px;border-bottom-left-radius:0px;}.kadence-column1399_a9738b-29 > .kt-inside-inner-col{column-gap:var(--global-kb-gap-sm, 1rem);}.kadence-column1399_a9738b-29 > .kt-inside-inner-col{flex-direction:column;}.kadence-column1399_a9738b-29 > .kt-inside-inner-col > .aligncenter{width:100%;}.kadence-column1399_a9738b-29 > .kt-inside-inner-col:before{opacity:0.3;}.kadence-column1399_a9738b-29{position:relative;}@media all and (max-width: 1024px){.kadence-column1399_a9738b-29 > .kt-inside-inner-col{flex-direction:column;justify-content:center;}}@media all and (max-width: 767px){.kadence-column1399_a9738b-29 > .kt-inside-inner-col{padding-right:0px;padding-left:0px;flex-direction:column;justify-content:center;}}<\/style>\n<div class=\"wp-block-kadence-column kadence-column1399_a9738b-29 inner-column-1\"><div class=\"kt-inside-inner-col\"><style>.kb-row-layout-id1399_e71855-0d > .kt-row-column-wrap{align-content:start;}:where(.kb-row-layout-id1399_e71855-0d > .kt-row-column-wrap) > .wp-block-kadence-column{justify-content:start;}.kb-row-layout-id1399_e71855-0d > .kt-row-column-wrap{column-gap:var(--global-kb-gap-md, 2rem);row-gap:var(--global-kb-gap-md, 2rem);max-width:740px;margin-left:auto;margin-right:auto;padding-top:0px;padding-right:0px;padding-bottom:40px;padding-left:0px;grid-template-columns:minmax(0, 1fr);}.kb-row-layout-id1399_e71855-0d > .kt-row-layout-overlay{opacity:0.30;}@media all and (max-width: 1024px){.kb-row-layout-id1399_e71855-0d > .kt-row-column-wrap{padding-right:0px;padding-bottom:0px;padding-left:0px;grid-template-columns:minmax(0, 1fr);}}@media all and (max-width: 767px){.kb-row-layout-id1399_e71855-0d > .kt-row-column-wrap{padding-top:20px;padding-right:0px;padding-bottom:20px;padding-left:0px;grid-template-columns:minmax(0, 1fr);}}<\/style><div class=\"kb-row-layout-wrap kb-row-layout-id1399_e71855-0d alignnone wp-block-kadence-rowlayout\"><div class=\"kt-row-column-wrap kt-has-1-columns kt-row-layout-equal kt-tab-layout-inherit kt-mobile-layout-row kt-row-valign-top\">\n<style>.kadence-column1399_93162a-eb > .kt-inside-inner-col,.kadence-column1399_93162a-eb > .kt-inside-inner-col:before{border-top-left-radius:0px;border-top-right-radius:0px;border-bottom-right-radius:0px;border-bottom-left-radius:0px;}.kadence-column1399_93162a-eb > .kt-inside-inner-col{column-gap:var(--global-kb-gap-sm, 1rem);}.kadence-column1399_93162a-eb > .kt-inside-inner-col{flex-direction:column;}.kadence-column1399_93162a-eb > .kt-inside-inner-col > .aligncenter{width:100%;}.kadence-column1399_93162a-eb > .kt-inside-inner-col:before{opacity:0.3;}.kadence-column1399_93162a-eb{position:relative;}@media all and (max-width: 1024px){.kadence-column1399_93162a-eb > .kt-inside-inner-col{flex-direction:column;justify-content:center;}}@media all and (max-width: 767px){.kadence-column1399_93162a-eb > .kt-inside-inner-col{flex-direction:column;justify-content:center;}}<\/style>\n<div class=\"wp-block-kadence-column kadence-column1399_93162a-eb\"><div class=\"kt-inside-inner-col\"><\/div><\/div>\n\n<\/div><\/div>\n\n\n<div class=\"wp-block-columns is-layout-flex wp-container-core-columns-is-layout-9d6595d7 wp-block-columns-is-layout-flex\">\n<div class=\"wp-block-column is-layout-flow wp-block-column-is-layout-flow\" style=\"flex-basis:50%\"><style>.kb-row-layout-id1399_5f8f1c-e6 > .kt-row-column-wrap{align-content:start;}:where(.kb-row-layout-id1399_5f8f1c-e6 > .kt-row-column-wrap) > .wp-block-kadence-column{justify-content:start;}.kb-row-layout-id1399_5f8f1c-e6 > .kt-row-column-wrap{column-gap:var(--global-kb-gap-none, 0rem );row-gap:var(--global-kb-gap-none, 0rem );padding-top:0px;padding-bottom:0px;grid-template-columns:minmax(0, 1fr);}.kb-row-layout-id1399_5f8f1c-e6 > .kt-row-layout-overlay{opacity:0.30;}@media all and (max-width: 1024px){.kb-row-layout-id1399_5f8f1c-e6 > .kt-row-column-wrap{padding-bottom:25px;grid-template-columns:minmax(0, 1fr);}}@media all and (max-width: 767px){.kb-row-layout-id1399_5f8f1c-e6 > .kt-row-column-wrap{padding-top:0px;padding-right:0px;padding-bottom:0px;padding-left:0px;grid-template-columns:minmax(0, 1fr);}}<\/style><div class=\"kb-row-layout-wrap kb-row-layout-id1399_5f8f1c-e6 alignnone wp-block-kadence-rowlayout\"><div class=\"kt-row-column-wrap kt-has-1-columns kt-row-layout-equal kt-tab-layout-inherit kt-mobile-layout-row kt-row-valign-top\">\n<style>.kadence-column1399_181489-34 > .kt-inside-inner-col,.kadence-column1399_181489-34 > .kt-inside-inner-col:before{border-top-left-radius:0px;border-top-right-radius:0px;border-bottom-right-radius:0px;border-bottom-left-radius:0px;}.kadence-column1399_181489-34 > .kt-inside-inner-col{column-gap:var(--global-kb-gap-sm, 1rem);}.kadence-column1399_181489-34 > .kt-inside-inner-col{flex-direction:column;}.kadence-column1399_181489-34 > .kt-inside-inner-col > .aligncenter{width:100%;}.kadence-column1399_181489-34 > .kt-inside-inner-col:before{opacity:0.3;}.kadence-column1399_181489-34{position:relative;}@media all and (max-width: 1024px){.kadence-column1399_181489-34 > .kt-inside-inner-col{flex-direction:column;justify-content:center;}}@media all and (max-width: 767px){.kadence-column1399_181489-34 > .kt-inside-inner-col{flex-direction:column;justify-content:center;}}<\/style>\n<div class=\"wp-block-kadence-column kadence-column1399_181489-34\"><div class=\"kt-inside-inner-col\">\n<div class=\"wp-block-columns is-layout-flex wp-container-core-columns-is-layout-9d6595d7 wp-block-columns-is-layout-flex\">\n<div class=\"wp-block-column is-layout-flow wp-block-column-is-layout-flow\">\n<figure class=\"wp-block-image size-large\"><img loading=\"lazy\" decoding=\"async\" width=\"1024\" height=\"1024\" src=\"https:\/\/ortomove.mx\/wp-content\/uploads\/2025\/10\/NS-768-1024x1024.png\" alt=\"\" class=\"wp-image-1369\" srcset=\"https:\/\/ortomove.mx\/wp-content\/uploads\/2025\/10\/NS-768-1024x1024.png 1024w, https:\/\/ortomove.mx\/wp-content\/uploads\/2025\/10\/NS-768-300x300.png 300w, https:\/\/ortomove.mx\/wp-content\/uploads\/2025\/10\/NS-768-150x150.png 150w, https:\/\/ortomove.mx\/wp-content\/uploads\/2025\/10\/NS-768-768x768.png 768w, https:\/\/ortomove.mx\/wp-content\/uploads\/2025\/10\/NS-768.png 1080w\" sizes=\"auto, (max-width: 1024px) 100vw, 1024px\" \/><\/figure>\n<\/div>\n<\/div>\n\n\n\n<p class=\"has-text-align-center\"><\/p>\n<\/div><\/div>\n\n<\/div><\/div><\/div>\n\n\n\n<div class=\"wp-block-column is-layout-flow wp-block-column-is-layout-flow\" style=\"flex-basis:50%\">\n<p>Manga para sujeci\u00f3n de pr\u00f3tesis por debajo de rodilla.<\/p>\n\n\n\n<p>Fabricado en cloropreno.<\/p>\n\n\n\n<p>Sus microporos permiten una buena ventilaci\u00f3n disminuyendo la probabilidad de irritaciones d\u00e9rmicas.<\/p>\n\n\n\n<p>Su dise\u00f1o permite usarlo de manera bilateral.<\/p>\n\n\n\n<p>Tiene ajustes de velcro y banda el\u00e1stica de refuerzo.<\/p>\n\n\n\n<p>Disponible en CH, MED, GDE<\/p>\n\n\n\n<p><\/p>\n<\/div>\n<\/div>\n<\/div><\/div>\n\n<\/div><\/div>\n\n\n<p><\/p>\n","protected":false},"excerpt":{"rendered":"<p>Manga para pr\u00f3tesis de neopreno Mod. NS-768 Manga para sujeci\u00f3n de pr\u00f3tesis por debajo de rodilla. Fabricado en cloropreno. Sus microporos permiten una buena ventilaci\u00f3n disminuyendo la probabilidad de irritaciones d\u00e9rmicas. Su dise\u00f1o permite usarlo de manera bilateral. Tiene ajustes de velcro y banda el\u00e1stica de refuerzo. Disponible en CH, MED, GDE<\/p>\n","protected":false},"author":1,"featured_media":0,"parent":0,"menu_order":0,"comment_status":"closed","ping_status":"closed","template":"","meta":{"_kadence_starter_templates_imported_post":true,"_kad_post_transparent":"","_kad_post_title":"hide","_kad_post_layout":"fullwidth","_kad_post_sidebar_id":"","_kad_post_content_style":"unboxed","_kad_post_vertical_padding":"hide","_kad_post_feature":"hide","_kad_post_feature_position":"","_kad_post_header":false,"_kad_post_footer":false,"_kad_post_classname":"","footnotes":""},"class_list":["post-1399","page","type-page","status-publish","hentry"],"_links":{"self":[{"href":"https:\/\/ortomove.mx\/index.php\/wp-json\/wp\/v2\/pages\/1399","targetHints":{"allow":["GET"]}}],"collection":[{"href":"https:\/\/ortomove.mx\/index.php\/wp-json\/wp\/v2\/pages"}],"about":[{"href":"https:\/\/ortomove.mx\/index.php\/wp-json\/wp\/v2\/types\/page"}],"author":[{"embeddable":true,"href":"https:\/\/ortomove.mx\/index.php\/wp-json\/wp\/v2\/users\/1"}],"replies":[{"embeddable":true,"href":"https:\/\/ortomove.mx\/index.php\/wp-json\/wp\/v2\/comments?post=1399"}],"version-history":[{"count":1,"href":"https:\/\/ortomove.mx\/index.php\/wp-json\/wp\/v2\/pages\/1399\/revisions"}],"predecessor-version":[{"id":1400,"href":"https:\/\/ortomove.mx\/index.php\/wp-json\/wp\/v2\/pages\/1399\/revisions\/1400"}],"wp:attachment":[{"href":"https:\/\/ortomove.mx\/index.php\/wp-json\/wp\/v2\/media?parent=1399"}],"curies":[{"name":"wp","href":"https:\/\/api.w.org\/{rel}","templated":true}]}}