{"id":1096,"date":"2024-11-25T12:39:21","date_gmt":"2024-11-25T12:39:21","guid":{"rendered":"https:\/\/ortomove.mx\/?page_id=1096"},"modified":"2025-04-28T09:53:18","modified_gmt":"2025-04-28T09:53:18","slug":"rodilla-neumatica-6h23","status":"publish","type":"page","link":"https:\/\/ortomove.mx\/index.php\/rodilla-neumatica-6h23\/","title":{"rendered":"Rodilla neum\u00e1tica 6H23"},"content":{"rendered":"<style>.kb-row-layout-id1096_abdaa8-06 > .kt-row-column-wrap{align-content:start;}:where(.kb-row-layout-id1096_abdaa8-06 > .kt-row-column-wrap) > .wp-block-kadence-column{justify-content:start;}.kb-row-layout-id1096_abdaa8-06 > .kt-row-column-wrap{column-gap:var(--global-kb-gap-md, 2rem);row-gap:var(--global-kb-gap-md, 2rem);max-width:var( --global-content-width, 1290px );padding-left:var(--global-content-edge-padding);padding-right:var(--global-content-edge-padding);padding-top:143px;padding-bottom:24px;grid-template-columns:minmax(0, 1fr);}.kb-row-layout-id1096_abdaa8-06 > .kt-row-layout-overlay{opacity:0.07;background-image:url('https:\/\/ortomove.mx\/wp-content\/uploads\/2024\/11\/confort-y-la-movilidad.jpg');background-size:cover;background-position:73% 37%;background-attachment:scroll;background-repeat:no-repeat;mix-blend-mode:normal;}@media all and (max-width: 1024px){.kb-row-layout-id1096_abdaa8-06 > .kt-row-column-wrap{padding-top:80px;padding-bottom:80px;grid-template-columns:minmax(0, 1fr);}}@media all and (max-width: 767px){.kb-row-layout-id1096_abdaa8-06 > .kt-row-column-wrap{padding-top:100px;padding-right:30px;padding-bottom:100px;padding-left:30px;grid-template-columns:minmax(0, 1fr);}}<\/style><div class=\"kb-row-layout-wrap kb-row-layout-id1096_abdaa8-06 alignnone has-theme-palette8-background-color kt-row-has-bg wp-block-kadence-rowlayout\"><div class=\"kt-row-layout-overlay kt-row-overlay-normal\"><\/div><div class=\"kt-row-column-wrap kt-has-1-columns kt-row-layout-equal kt-tab-layout-inherit kt-mobile-layout-row kt-row-valign-top kb-theme-content-width\">\n<style>.kadence-column1096_7773f5-6c > .kt-inside-inner-col,.kadence-column1096_7773f5-6c > .kt-inside-inner-col:before{border-top-left-radius:0px;border-top-right-radius:0px;border-bottom-right-radius:0px;border-bottom-left-radius:0px;}.kadence-column1096_7773f5-6c > .kt-inside-inner-col{column-gap:var(--global-kb-gap-sm, 1rem);}.kadence-column1096_7773f5-6c > .kt-inside-inner-col{flex-direction:column;}.kadence-column1096_7773f5-6c > .kt-inside-inner-col > .aligncenter{width:100%;}.kadence-column1096_7773f5-6c > .kt-inside-inner-col:before{opacity:0.3;}.kadence-column1096_7773f5-6c{position:relative;}@media all and (max-width: 1024px){.kadence-column1096_7773f5-6c > .kt-inside-inner-col{padding-top:0px;padding-right:0px;padding-bottom:0px;padding-left:0px;flex-direction:column;justify-content:center;}}@media all and (max-width: 767px){.kadence-column1096_7773f5-6c > .kt-inside-inner-col{flex-direction:column;justify-content:center;}}<\/style>\n<div class=\"wp-block-kadence-column kadence-column1096_7773f5-6c inner-column-1\"><div class=\"kt-inside-inner-col\"><style>.kb-row-layout-id1096_7fb19e-fa > .kt-row-column-wrap{align-content:start;}:where(.kb-row-layout-id1096_7fb19e-fa > .kt-row-column-wrap) > .wp-block-kadence-column{justify-content:start;}.kb-row-layout-id1096_7fb19e-fa > .kt-row-column-wrap{column-gap:var(--global-kb-gap-md, 2rem);row-gap:var(--global-kb-gap-md, 2rem);max-width:900px;margin-left:auto;margin-right:auto;padding-top:0px;padding-bottom:0px;grid-template-columns:minmax(0, 1fr);}.kb-row-layout-id1096_7fb19e-fa > .kt-row-layout-overlay{opacity:0.30;}@media all and (max-width: 1024px){.kb-row-layout-id1096_7fb19e-fa > .kt-row-column-wrap{padding-top:0px;padding-right:0px;padding-bottom:0px;padding-left:0px;grid-template-columns:minmax(0, 1fr);}}@media all and (max-width: 767px){.kb-row-layout-id1096_7fb19e-fa > .kt-row-column-wrap{grid-template-columns:minmax(0, 1fr);}}<\/style><div class=\"kb-row-layout-wrap kb-row-layout-id1096_7fb19e-fa alignnone wp-block-kadence-rowlayout\"><div class=\"kt-row-column-wrap kt-has-1-columns kt-row-layout-equal kt-tab-layout-inherit kt-mobile-layout-row kt-row-valign-top\">\n<style>.kadence-column1096_11c4ad-e0 > .kt-inside-inner-col{padding-right:20px;padding-left:20px;}.kadence-column1096_11c4ad-e0 > .kt-inside-inner-col,.kadence-column1096_11c4ad-e0 > .kt-inside-inner-col:before{border-top-left-radius:0px;border-top-right-radius:0px;border-bottom-right-radius:0px;border-bottom-left-radius:0px;}.kadence-column1096_11c4ad-e0 > .kt-inside-inner-col{column-gap:var(--global-kb-gap-sm, 1rem);}.kadence-column1096_11c4ad-e0 > .kt-inside-inner-col{flex-direction:column;}.kadence-column1096_11c4ad-e0 > .kt-inside-inner-col > .aligncenter{width:100%;}.kadence-column1096_11c4ad-e0 > .kt-inside-inner-col:before{opacity:0.3;}.kadence-column1096_11c4ad-e0{position:relative;}@media all and (max-width: 1024px){.kadence-column1096_11c4ad-e0 > .kt-inside-inner-col{flex-direction:column;justify-content:center;}}@media all and (max-width: 767px){.kadence-column1096_11c4ad-e0 > .kt-inside-inner-col{padding-right:0px;padding-left:0px;flex-direction:column;justify-content:center;}}<\/style>\n<div class=\"wp-block-kadence-column kadence-column1096_11c4ad-e0 inner-column-1\"><div class=\"kt-inside-inner-col\"><style>.wp-block-kadence-advancedheading.kt-adv-heading1096_e7e5d6-57, .wp-block-kadence-advancedheading.kt-adv-heading1096_e7e5d6-57[data-kb-block=\"kb-adv-heading1096_e7e5d6-57\"]{max-width:900px;margin-right:auto;margin-left:auto;padding-top:0px;padding-right:0px;padding-bottom:20px;padding-left:0px;margin-top:0px;margin-right:0px;margin-bottom:0px;margin-left:0px;text-align:center;font-style:normal;text-transform:capitalize;}.wp-block-kadence-advancedheading.kt-adv-heading1096_e7e5d6-57 mark.kt-highlight, .wp-block-kadence-advancedheading.kt-adv-heading1096_e7e5d6-57[data-kb-block=\"kb-adv-heading1096_e7e5d6-57\"] mark.kt-highlight{font-style:normal;color:#f76a0c;-webkit-box-decoration-break:clone;box-decoration-break:clone;padding-top:0px;padding-right:0px;padding-bottom:0px;padding-left:0px;}<\/style>\n<h1 class=\"kt-adv-heading1096_e7e5d6-57 wp-block-kadence-advancedheading has-theme-palette-3-color has-text-color\" data-kb-block=\"kb-adv-heading1096_e7e5d6-57\">Rodilla Neum\u00e1tica<\/h1>\n\n\n<style>.wp-block-kadence-advancedheading.kt-adv-heading1096_971f99-5d, .wp-block-kadence-advancedheading.kt-adv-heading1096_971f99-5d[data-kb-block=\"kb-adv-heading1096_971f99-5d\"]{padding-right:0px;padding-left:0px;text-align:center;font-style:normal;}.wp-block-kadence-advancedheading.kt-adv-heading1096_971f99-5d mark.kt-highlight, .wp-block-kadence-advancedheading.kt-adv-heading1096_971f99-5d[data-kb-block=\"kb-adv-heading1096_971f99-5d\"] mark.kt-highlight{font-style:normal;color:#f76a0c;-webkit-box-decoration-break:clone;box-decoration-break:clone;padding-top:0px;padding-right:0px;padding-bottom:0px;padding-left:0px;}@media all and (max-width: 767px){.wp-block-kadence-advancedheading.kt-adv-heading1096_971f99-5d, .wp-block-kadence-advancedheading.kt-adv-heading1096_971f99-5d[data-kb-block=\"kb-adv-heading1096_971f99-5d\"]{padding-right:0px;padding-left:0px;}}<\/style>\n<p class=\"kt-adv-heading1096_971f99-5d wp-block-kadence-advancedheading has-theme-palette-3-color has-text-color\" data-kb-block=\"kb-adv-heading1096_971f99-5d\">Mod. 6H23<\/p>\n<\/div><\/div>\n\n<\/div><\/div><\/div><\/div>\n\n<\/div><\/div>\n\n<style>.kb-row-layout-id1096_a631ec-33 > .kt-row-column-wrap{align-content:start;}:where(.kb-row-layout-id1096_a631ec-33 > .kt-row-column-wrap) > .wp-block-kadence-column{justify-content:start;}.kb-row-layout-id1096_a631ec-33 > .kt-row-column-wrap{column-gap:var(--global-kb-gap-md, 2rem);row-gap:var(--global-kb-gap-md, 2rem);max-width:var( --global-content-width, 1290px );padding-left:var(--global-content-edge-padding);padding-right:var(--global-content-edge-padding);padding-top:0px;padding-right:20px;padding-bottom:80px;padding-left:20px;grid-template-columns:minmax(0, 1fr);}.kb-row-layout-id1096_a631ec-33 > .kt-row-layout-overlay{opacity:0.30;}@media all and (max-width: 1024px){.kb-row-layout-id1096_a631ec-33 > .kt-row-column-wrap{padding-top:60px;padding-right:150px;padding-bottom:60px;padding-left:150px;grid-template-columns:minmax(0, 1fr);}}@media all and (max-width: 767px){.kb-row-layout-id1096_a631ec-33 > .kt-row-column-wrap{padding-top:40px;padding-right:0px;padding-bottom:40px;padding-left:0px;grid-template-columns:minmax(0, 1fr);}}<\/style><div class=\"kb-row-layout-wrap kb-row-layout-id1096_a631ec-33 alignnone wp-block-kadence-rowlayout\"><div class=\"kt-row-column-wrap kt-has-1-columns kt-row-layout-equal kt-tab-layout-inherit kt-mobile-layout-row kt-row-valign-top kb-theme-content-width\">\n<style>.kadence-column1096_65e922-6f > .kt-inside-inner-col,.kadence-column1096_65e922-6f > .kt-inside-inner-col:before{border-top-left-radius:0px;border-top-right-radius:0px;border-bottom-right-radius:0px;border-bottom-left-radius:0px;}.kadence-column1096_65e922-6f > .kt-inside-inner-col{column-gap:var(--global-kb-gap-sm, 1rem);}.kadence-column1096_65e922-6f > .kt-inside-inner-col{flex-direction:column;}.kadence-column1096_65e922-6f > .kt-inside-inner-col > .aligncenter{width:100%;}.kadence-column1096_65e922-6f > .kt-inside-inner-col:before{opacity:0.3;}.kadence-column1096_65e922-6f{position:relative;}@media all and (max-width: 1024px){.kadence-column1096_65e922-6f > .kt-inside-inner-col{flex-direction:column;justify-content:center;}}@media all and (max-width: 767px){.kadence-column1096_65e922-6f > .kt-inside-inner-col{padding-right:0px;padding-left:0px;flex-direction:column;justify-content:center;}}<\/style>\n<div class=\"wp-block-kadence-column kadence-column1096_65e922-6f inner-column-1\"><div class=\"kt-inside-inner-col\"><style>.kb-row-layout-id1096_179cfe-56 > .kt-row-column-wrap{align-content:start;}:where(.kb-row-layout-id1096_179cfe-56 > .kt-row-column-wrap) > .wp-block-kadence-column{justify-content:start;}.kb-row-layout-id1096_179cfe-56 > .kt-row-column-wrap{column-gap:var(--global-kb-gap-md, 2rem);row-gap:var(--global-kb-gap-md, 2rem);max-width:740px;margin-left:auto;margin-right:auto;padding-top:0px;padding-right:0px;padding-bottom:40px;padding-left:0px;grid-template-columns:minmax(0, 1fr);}.kb-row-layout-id1096_179cfe-56 > .kt-row-layout-overlay{opacity:0.30;}@media all and (max-width: 1024px){.kb-row-layout-id1096_179cfe-56 > .kt-row-column-wrap{padding-right:0px;padding-bottom:0px;padding-left:0px;grid-template-columns:minmax(0, 1fr);}}@media all and (max-width: 767px){.kb-row-layout-id1096_179cfe-56 > .kt-row-column-wrap{padding-top:20px;padding-right:0px;padding-bottom:20px;padding-left:0px;grid-template-columns:minmax(0, 1fr);}}<\/style><div class=\"kb-row-layout-wrap kb-row-layout-id1096_179cfe-56 alignnone wp-block-kadence-rowlayout\"><div class=\"kt-row-column-wrap kt-has-1-columns kt-row-layout-equal kt-tab-layout-inherit kt-mobile-layout-row kt-row-valign-top\">\n<style>.kadence-column1096_dc29ba-93 > .kt-inside-inner-col,.kadence-column1096_dc29ba-93 > .kt-inside-inner-col:before{border-top-left-radius:0px;border-top-right-radius:0px;border-bottom-right-radius:0px;border-bottom-left-radius:0px;}.kadence-column1096_dc29ba-93 > .kt-inside-inner-col{column-gap:var(--global-kb-gap-sm, 1rem);}.kadence-column1096_dc29ba-93 > .kt-inside-inner-col{flex-direction:column;}.kadence-column1096_dc29ba-93 > .kt-inside-inner-col > .aligncenter{width:100%;}.kadence-column1096_dc29ba-93 > .kt-inside-inner-col:before{opacity:0.3;}.kadence-column1096_dc29ba-93{position:relative;}@media all and (max-width: 1024px){.kadence-column1096_dc29ba-93 > .kt-inside-inner-col{flex-direction:column;justify-content:center;}}@media all and (max-width: 767px){.kadence-column1096_dc29ba-93 > .kt-inside-inner-col{flex-direction:column;justify-content:center;}}<\/style>\n<div class=\"wp-block-kadence-column kadence-column1096_dc29ba-93\"><div class=\"kt-inside-inner-col\"><\/div><\/div>\n\n<\/div><\/div>\n\n\n<div class=\"wp-block-columns is-layout-flex wp-container-core-columns-is-layout-9d6595d7 wp-block-columns-is-layout-flex\">\n<div class=\"wp-block-column is-layout-flow wp-block-column-is-layout-flow\" style=\"flex-basis:50%\"><style>.kb-row-layout-id1096_5b2988-ab > .kt-row-column-wrap{align-content:start;}:where(.kb-row-layout-id1096_5b2988-ab > .kt-row-column-wrap) > .wp-block-kadence-column{justify-content:start;}.kb-row-layout-id1096_5b2988-ab > .kt-row-column-wrap{column-gap:var(--global-kb-gap-none, 0rem );row-gap:var(--global-kb-gap-none, 0rem );padding-top:0px;padding-bottom:0px;grid-template-columns:minmax(0, 1fr);}.kb-row-layout-id1096_5b2988-ab > .kt-row-layout-overlay{opacity:0.30;}@media all and (max-width: 1024px){.kb-row-layout-id1096_5b2988-ab > .kt-row-column-wrap{padding-bottom:25px;grid-template-columns:minmax(0, 1fr);}}@media all and (max-width: 767px){.kb-row-layout-id1096_5b2988-ab > .kt-row-column-wrap{padding-top:0px;padding-right:0px;padding-bottom:0px;padding-left:0px;grid-template-columns:minmax(0, 1fr);}}<\/style><div class=\"kb-row-layout-wrap kb-row-layout-id1096_5b2988-ab alignnone wp-block-kadence-rowlayout\"><div class=\"kt-row-column-wrap kt-has-1-columns kt-row-layout-equal kt-tab-layout-inherit kt-mobile-layout-row kt-row-valign-top\">\n<style>.kadence-column1096_8a9db1-65 > .kt-inside-inner-col,.kadence-column1096_8a9db1-65 > .kt-inside-inner-col:before{border-top-left-radius:0px;border-top-right-radius:0px;border-bottom-right-radius:0px;border-bottom-left-radius:0px;}.kadence-column1096_8a9db1-65 > .kt-inside-inner-col{column-gap:var(--global-kb-gap-sm, 1rem);}.kadence-column1096_8a9db1-65 > .kt-inside-inner-col{flex-direction:column;}.kadence-column1096_8a9db1-65 > .kt-inside-inner-col > .aligncenter{width:100%;}.kadence-column1096_8a9db1-65 > .kt-inside-inner-col:before{opacity:0.3;}.kadence-column1096_8a9db1-65{position:relative;}@media all and (max-width: 1024px){.kadence-column1096_8a9db1-65 > .kt-inside-inner-col{flex-direction:column;justify-content:center;}}@media all and (max-width: 767px){.kadence-column1096_8a9db1-65 > .kt-inside-inner-col{flex-direction:column;justify-content:center;}}<\/style>\n<div class=\"wp-block-kadence-column kadence-column1096_8a9db1-65\"><div class=\"kt-inside-inner-col\">\n<div class=\"wp-block-columns is-layout-flex wp-container-core-columns-is-layout-9d6595d7 wp-block-columns-is-layout-flex\">\n<div class=\"wp-block-column is-layout-flow wp-block-column-is-layout-flow\">\n<figure class=\"wp-block-image size-large\"><img loading=\"lazy\" decoding=\"async\" width=\"1024\" height=\"1024\" src=\"https:\/\/ortomove.mx\/wp-content\/uploads\/2024\/11\/Rodilla-neumatica-6h23-1-1024x1024.jpg\" alt=\"\" class=\"wp-image-1098\" srcset=\"https:\/\/ortomove.mx\/wp-content\/uploads\/2024\/11\/Rodilla-neumatica-6h23-1-1024x1024.jpg 1024w, https:\/\/ortomove.mx\/wp-content\/uploads\/2024\/11\/Rodilla-neumatica-6h23-1-300x300.jpg 300w, https:\/\/ortomove.mx\/wp-content\/uploads\/2024\/11\/Rodilla-neumatica-6h23-1-150x150.jpg 150w, https:\/\/ortomove.mx\/wp-content\/uploads\/2024\/11\/Rodilla-neumatica-6h23-1-768x768.jpg 768w, https:\/\/ortomove.mx\/wp-content\/uploads\/2024\/11\/Rodilla-neumatica-6h23-1.jpg 1080w\" sizes=\"auto, (max-width: 1024px) 100vw, 1024px\" \/><\/figure>\n<\/div>\n\n\n\n<div class=\"wp-block-column is-layout-flow wp-block-column-is-layout-flow\">\n<figure class=\"wp-block-image size-large\"><img loading=\"lazy\" decoding=\"async\" width=\"1024\" height=\"1024\" src=\"https:\/\/ortomove.mx\/wp-content\/uploads\/2024\/11\/Rodilla-Neumatica-6h23-1024x1024.jpg\" alt=\"\" class=\"wp-image-1097\" srcset=\"https:\/\/ortomove.mx\/wp-content\/uploads\/2024\/11\/Rodilla-Neumatica-6h23-1024x1024.jpg 1024w, https:\/\/ortomove.mx\/wp-content\/uploads\/2024\/11\/Rodilla-Neumatica-6h23-300x300.jpg 300w, https:\/\/ortomove.mx\/wp-content\/uploads\/2024\/11\/Rodilla-Neumatica-6h23-150x150.jpg 150w, https:\/\/ortomove.mx\/wp-content\/uploads\/2024\/11\/Rodilla-Neumatica-6h23-768x768.jpg 768w, https:\/\/ortomove.mx\/wp-content\/uploads\/2024\/11\/Rodilla-Neumatica-6h23.jpg 1080w\" sizes=\"auto, (max-width: 1024px) 100vw, 1024px\" \/><\/figure>\n<\/div>\n<\/div>\n\n\n\n<p class=\"has-text-align-center\"><\/p>\n<\/div><\/div>\n\n<\/div><\/div><\/div>\n\n\n\n<div class=\"wp-block-column is-layout-flow wp-block-column-is-layout-flow\" style=\"flex-basis:50%\">\n<p>La articulaci\u00f3n neum\u00e1tica polic\u00e9ntrica de rodilla <strong>6H23<\/strong> est\u00e1 destinada a pacientes con nivel de actividad moderado, amputaciones transfemorales unilaterales o bilaterales en todos los niveles, excepto para la desarticulaci\u00f3n de la articulaci\u00f3n de la rodilla. La articulaci\u00f3n de rodilla <strong>6H23<\/strong> proporciona control neum\u00e1tico de la fase de oscilaci\u00f3n y ajuste independiente de la flexi\u00f3n \/ extensi\u00f3n. La junta <strong>6N23<\/strong> se adapta bien a los cambios en el tempo de operaci\u00f3n en las velocidades extendidas, de tono lento a r\u00e1pido, sin modificar la configuraci\u00f3n inicial.<\/p>\n\n\n\n<p>El dise\u00f1o polic\u00e9ntrico proporciona mayor seguridad en la fase de apoyo y acortamiento geom\u00e9trico en la fase pivotante, lo que aumenta la distancia a la superficie de la base durante la fase pivotante, mejorando as\u00ed la confianza del paciente en la pr\u00f3tesis. Nivel de actividad: \u041c2, \u041c3<\/p>\n\n\n<style>.wp-block-kadence-iconlist.kt-svg-icon-list-items1096_f86db3-04:not(.this-stops-third-party-issues){margin-top:0px;margin-bottom:0px;}.wp-block-kadence-iconlist.kt-svg-icon-list-items1096_f86db3-04 ul.kt-svg-icon-list:not(.this-prevents-issues):not(.this-stops-third-party-issues):not(.tijsloc){margin-top:0px;margin-right:0px;margin-bottom:var(--global-kb-spacing-sm, 1.5rem);margin-left:0px;}.wp-block-kadence-iconlist.kt-svg-icon-list-items1096_f86db3-04 ul.kt-svg-icon-list{grid-row-gap:5px;}.wp-block-kadence-iconlist.kt-svg-icon-list-items1096_f86db3-04 ul.kt-svg-icon-list .kt-svg-icon-list-item-wrap .kt-svg-icon-list-single{margin-right:10px;}.kt-svg-icon-list-items1096_f86db3-04 ul.kt-svg-icon-list .kt-svg-icon-list-level-0 .kt-svg-icon-list-single svg{font-size:20px;}<\/style>\n<div class=\"wp-block-kadence-iconlist kt-svg-icon-list-items kt-svg-icon-list-items1096_f86db3-04 kt-svg-icon-list-columns-1 alignnone\"><ul class=\"kt-svg-icon-list\"><style>.kt-svg-icon-list-item-1096_3a59f1-52 .kt-svg-icon-list-text mark.kt-highlight{background-color:unset;font-style:normal;color:#f76a0c;-webkit-box-decoration-break:clone;box-decoration-break:clone;padding-top:0px;padding-right:0px;padding-bottom:0px;padding-left:0px;}<\/style>\n<li class=\"wp-block-kadence-listitem kt-svg-icon-list-item-wrap kt-svg-icon-list-item-1096_3a59f1-52\"><span class=\"kb-svg-icon-wrap kb-svg-icon-fe_checkCircle kt-svg-icon-list-single\"><svg viewBox=\"0 0 24 24\"  fill=\"none\" stroke=\"currentColor\" stroke-width=\"2\" stroke-linecap=\"round\" stroke-linejoin=\"round\" xmlns=\"http:\/\/www.w3.org\/2000\/svg\"  aria-hidden=\"true\"><path d=\"M22 11.08V12a10 10 0 1 1-5.93-9.14\"\/><polyline points=\"22 4 12 14.01 9 11.01\"\/><\/svg><\/span><span class=\"kt-svg-icon-list-text\">Nivel de actividad: M2, M3<\/span><\/li>\n\n\n<style>.kt-svg-icon-list-item-1096_19075a-f5 .kt-svg-icon-list-text mark.kt-highlight{background-color:unset;font-style:normal;color:#f76a0c;-webkit-box-decoration-break:clone;box-decoration-break:clone;padding-top:0px;padding-right:0px;padding-bottom:0px;padding-left:0px;}<\/style>\n<li class=\"wp-block-kadence-listitem kt-svg-icon-list-item-wrap kt-svg-icon-list-item-1096_19075a-f5\"><span class=\"kb-svg-icon-wrap kb-svg-icon-fe_checkCircle kt-svg-icon-list-single\"><svg viewBox=\"0 0 24 24\"  fill=\"none\" stroke=\"currentColor\" stroke-width=\"2\" stroke-linecap=\"round\" stroke-linejoin=\"round\" xmlns=\"http:\/\/www.w3.org\/2000\/svg\"  aria-hidden=\"true\"><path d=\"M22 11.08V12a10 10 0 1 1-5.93-9.14\"\/><polyline points=\"22 4 12 14.01 9 11.01\"\/><\/svg><\/span><span class=\"kt-svg-icon-list-text\">\u00c1ngulo de flexi\u00f3n m\u00e1ximo: 150\u00ba<\/span><\/li>\n\n\n<style>.kt-svg-icon-list-item-1096_740ff1-85 .kt-svg-icon-list-text mark.kt-highlight{background-color:unset;font-style:normal;color:#f76a0c;-webkit-box-decoration-break:clone;box-decoration-break:clone;padding-top:0px;padding-right:0px;padding-bottom:0px;padding-left:0px;}<\/style>\n<li class=\"wp-block-kadence-listitem kt-svg-icon-list-item-wrap kt-svg-icon-list-item-1096_740ff1-85\"><span class=\"kb-svg-icon-wrap kb-svg-icon-fe_checkCircle kt-svg-icon-list-single\"><svg viewBox=\"0 0 24 24\"  fill=\"none\" stroke=\"currentColor\" stroke-width=\"2\" stroke-linecap=\"round\" stroke-linejoin=\"round\" xmlns=\"http:\/\/www.w3.org\/2000\/svg\"  aria-hidden=\"true\"><path d=\"M22 11.08V12a10 10 0 1 1-5.93-9.14\"\/><polyline points=\"22 4 12 14.01 9 11.01\"\/><\/svg><\/span><span class=\"kt-svg-icon-list-text\">Peso m\u00e1ximo del paciente: 100 kg<\/span><\/li>\n\n\n<style>.kt-svg-icon-list-item-1096_b76801-30 .kt-svg-icon-list-text mark.kt-highlight{background-color:unset;font-style:normal;color:#f76a0c;-webkit-box-decoration-break:clone;box-decoration-break:clone;padding-top:0px;padding-right:0px;padding-bottom:0px;padding-left:0px;}<\/style>\n<li class=\"wp-block-kadence-listitem kt-svg-icon-list-item-wrap kt-svg-icon-list-item-1096_b76801-30\"><span class=\"kb-svg-icon-wrap kb-svg-icon-fe_checkCircle kt-svg-icon-list-single\"><svg viewBox=\"0 0 24 24\"  fill=\"none\" stroke=\"currentColor\" stroke-width=\"2\" stroke-linecap=\"round\" stroke-linejoin=\"round\" xmlns=\"http:\/\/www.w3.org\/2000\/svg\"  aria-hidden=\"true\"><path d=\"M22 11.08V12a10 10 0 1 1-5.93-9.14\"\/><polyline points=\"22 4 12 14.01 9 11.01\"\/><\/svg><\/span><span class=\"kt-svg-icon-list-text\">Material aleaci\u00f3n de aluminio<\/span><\/li>\n\n\n<style>.kt-svg-icon-list-item-1096_6b7f05-bd .kt-svg-icon-list-text mark.kt-highlight{background-color:unset;font-style:normal;color:#f76a0c;-webkit-box-decoration-break:clone;box-decoration-break:clone;padding-top:0px;padding-right:0px;padding-bottom:0px;padding-left:0px;}<\/style>\n<li class=\"wp-block-kadence-listitem kt-svg-icon-list-item-wrap kt-svg-icon-list-item-1096_6b7f05-bd\"><span class=\"kb-svg-icon-wrap kb-svg-icon-fe_checkCircle kt-svg-icon-list-single\"><svg viewBox=\"0 0 24 24\"  fill=\"none\" stroke=\"currentColor\" stroke-width=\"2\" stroke-linecap=\"round\" stroke-linejoin=\"round\" xmlns=\"http:\/\/www.w3.org\/2000\/svg\"  aria-hidden=\"true\"><path d=\"M22 11.08V12a10 10 0 1 1-5.93-9.14\"\/><polyline points=\"22 4 12 14.01 9 11.01\"\/><\/svg><\/span><span class=\"kt-svg-icon-list-text\">Peso: 780 grs<\/span><\/li>\n<\/ul><\/div>\n<\/div>\n<\/div>\n<\/div><\/div>\n\n<\/div><\/div>\n\n\n<p><\/p>\n","protected":false},"excerpt":{"rendered":"<p>Rodilla Neum\u00e1tica Mod. 6H23 La articulaci\u00f3n neum\u00e1tica polic\u00e9ntrica de rodilla 6H23 est\u00e1 destinada a pacientes con nivel de actividad moderado, amputaciones transfemorales unilaterales o bilaterales en todos los niveles, excepto para la desarticulaci\u00f3n de la articulaci\u00f3n de la rodilla. La articulaci\u00f3n de rodilla 6H23 proporciona control neum\u00e1tico de la fase de oscilaci\u00f3n y ajuste independiente&#8230;<\/p>\n","protected":false},"author":1,"featured_media":0,"parent":0,"menu_order":0,"comment_status":"closed","ping_status":"closed","template":"","meta":{"_kadence_starter_templates_imported_post":true,"_kad_post_transparent":"","_kad_post_title":"hide","_kad_post_layout":"fullwidth","_kad_post_sidebar_id":"","_kad_post_content_style":"unboxed","_kad_post_vertical_padding":"hide","_kad_post_feature":"hide","_kad_post_feature_position":"","_kad_post_header":false,"_kad_post_footer":false,"_kad_post_classname":"","footnotes":""},"class_list":["post-1096","page","type-page","status-publish","hentry"],"_links":{"self":[{"href":"https:\/\/ortomove.mx\/index.php\/wp-json\/wp\/v2\/pages\/1096","targetHints":{"allow":["GET"]}}],"collection":[{"href":"https:\/\/ortomove.mx\/index.php\/wp-json\/wp\/v2\/pages"}],"about":[{"href":"https:\/\/ortomove.mx\/index.php\/wp-json\/wp\/v2\/types\/page"}],"author":[{"embeddable":true,"href":"https:\/\/ortomove.mx\/index.php\/wp-json\/wp\/v2\/users\/1"}],"replies":[{"embeddable":true,"href":"https:\/\/ortomove.mx\/index.php\/wp-json\/wp\/v2\/comments?post=1096"}],"version-history":[{"count":4,"href":"https:\/\/ortomove.mx\/index.php\/wp-json\/wp\/v2\/pages\/1096\/revisions"}],"predecessor-version":[{"id":1284,"href":"https:\/\/ortomove.mx\/index.php\/wp-json\/wp\/v2\/pages\/1096\/revisions\/1284"}],"wp:attachment":[{"href":"https:\/\/ortomove.mx\/index.php\/wp-json\/wp\/v2\/media?parent=1096"}],"curies":[{"name":"wp","href":"https:\/\/api.w.org\/{rel}","templated":true}]}}